{"id":13900,"date":"2025-01-14T12:10:30","date_gmt":"2025-01-14T05:10:30","guid":{"rendered":"https:\/\/eaera.pody.me\/pamm-mam\/"},"modified":"2025-04-13T22:54:34","modified_gmt":"2025-04-13T15:54:34","slug":"pamm-mam","status":"publish","type":"page","link":"https:\/\/eaera.com\/es\/pamm-mam\/","title":{"rendered":"PAMM\/MAM"},"content":{"rendered":"\t\t<div data-elementor-type=\"wp-page\" data-elementor-id=\"13900\" class=\"elementor elementor-13900 elementor-1888\" data-elementor-post-type=\"page\">\n\t\t\t\t<div class=\"elementor-element elementor-element-be06f39 head-banner e-flex e-con-boxed e-con e-parent\" data-id=\"be06f39\" data-element_type=\"container\" data-settings=\"{&quot;background_background&quot;:&quot;classic&quot;}\">\n\t\t\t\t\t<div class=\"e-con-inner\">\n\t\t<div class=\"elementor-element elementor-element-8598f9d e-con-full elementor-hidden-mobile e-flex e-con e-child\" data-id=\"8598f9d\" data-element_type=\"container\">\n\t\t\t\t<div class=\"elementor-element elementor-element-aa728f2 animated-fast elementor-invisible elementor-widget elementor-widget-heading\" data-id=\"aa728f2\" data-element_type=\"widget\" data-settings=\"{&quot;_animation&quot;:&quot;fadeInUp&quot;,&quot;_animation_delay&quot;:100}\" data-widget_type=\"heading.default\">\n\t\t\t\t<div class=\"elementor-widget-container\">\n\t\t\t\t\t<h1 class=\"elementor-heading-title elementor-size-default\"><span style=\"color: var(--e-global-color-accent)\">Gesti\u00f3n inteligente de carteras<\/span><br> Simplificado<\/h1>\t\t\t\t<\/div>\n\t\t\t\t<\/div>\n\t\t\t\t<div class=\"elementor-element elementor-element-939a417 elementor-invisible elementor-widget elementor-widget-heading\" data-id=\"939a417\" data-element_type=\"widget\" data-settings=\"{&quot;_animation&quot;:&quot;fadeInUp&quot;,&quot;_animation_delay&quot;:200}\" data-widget_type=\"heading.default\">\n\t\t\t\t<div class=\"elementor-widget-container\">\n\t\t\t\t\t<p class=\"elementor-heading-title elementor-size-default\">Optimice la gesti\u00f3n de la cartera con la soluci\u00f3n PAMM\/MAM de EAERA, que ofrece modelos de asignaci\u00f3n flexibles, ejecuci\u00f3n de operaciones en tiempo real, control de riesgos para los inversores, informes avanzados y una integraci\u00f3n perfecta con MT4, MT5 y cTrader.<\/p>\t\t\t\t<\/div>\n\t\t\t\t<\/div>\n\t\t\t\t<\/div>\n\t\t\t\t<div class=\"elementor-element elementor-element-ec883e1 elementor-widget__width-initial elementor-absolute animated-slow elementor-invisible elementor-widget elementor-widget-image\" data-id=\"ec883e1\" data-element_type=\"widget\" data-settings=\"{&quot;_position&quot;:&quot;absolute&quot;,&quot;_animation&quot;:&quot;fadeInUp&quot;,&quot;_animation_delay&quot;:350}\" data-widget_type=\"image.default\">\n\t\t\t\t<div class=\"elementor-widget-container\">\n\t\t\t\t\t\t\t\t\t\t\t\t\t\t\t<img fetchpriority=\"high\" decoding=\"async\" width=\"628\" height=\"631\" src=\"https:\/\/eaera.com\/wp-content\/uploads\/2025\/02\/Blur-2.svg\" class=\"attachment-full size-full wp-image-4875\" alt=\"\" title=\"\">\t\t\t\t\t\t\t\t\t\t\t\t\t\t\t<\/div>\n\t\t\t\t<\/div>\n\t\t\t\t<div class=\"elementor-element elementor-element-69b892a elementor-widget__width-initial elementor-absolute animated-slow elementor-invisible elementor-widget elementor-widget-image\" data-id=\"69b892a\" data-element_type=\"widget\" data-settings=\"{&quot;_position&quot;:&quot;absolute&quot;,&quot;_animation&quot;:&quot;fadeInUp&quot;,&quot;_animation_delay&quot;:350}\" data-widget_type=\"image.default\">\n\t\t\t\t<div class=\"elementor-widget-container\">\n\t\t\t\t\t\t\t\t\t\t\t\t\t\t\t<img fetchpriority=\"high\" decoding=\"async\" width=\"628\" height=\"631\" src=\"https:\/\/eaera.com\/wp-content\/uploads\/2025\/02\/Blur-2.svg\" class=\"attachment-full size-full wp-image-4875\" alt=\"\" title=\"\">\t\t\t\t\t\t\t\t\t\t\t\t\t\t\t<\/div>\n\t\t\t\t<\/div>\n\t\t<div class=\"elementor-element elementor-element-7396009 e-con-full e-flex e-con e-child\" data-id=\"7396009\" data-element_type=\"container\" data-settings=\"{&quot;motion_fx_translateY_effect&quot;:&quot;yes&quot;,&quot;motion_fx_translateY_direction&quot;:&quot;negative&quot;,&quot;position&quot;:&quot;absolute&quot;,&quot;motion_fx_motion_fx_scrolling&quot;:&quot;yes&quot;,&quot;motion_fx_translateY_speed&quot;:{&quot;unit&quot;:&quot;px&quot;,&quot;size&quot;:1.2,&quot;sizes&quot;:[]},&quot;motion_fx_translateY_affectedRange&quot;:{&quot;unit&quot;:&quot;%&quot;,&quot;size&quot;:&quot;&quot;,&quot;sizes&quot;:{&quot;start&quot;:0,&quot;end&quot;:100}},&quot;motion_fx_devices&quot;:[&quot;desktop&quot;,&quot;tablet&quot;,&quot;mobile&quot;]}\">\n\t\t<div class=\"elementor-element elementor-element-352c490 e-con-full e-flex e-con e-child\" data-id=\"352c490\" data-element_type=\"container\">\n\t\t\t\t<div class=\"elementor-element elementor-element-9a9dc87 animated-fast elementor-invisible elementor-widget elementor-widget-image\" data-id=\"9a9dc87\" data-element_type=\"widget\" data-settings=\"{&quot;_animation&quot;:&quot;fadeInUp&quot;,&quot;_animation_delay&quot;:200}\" data-widget_type=\"image.default\">\n\t\t\t\t<div class=\"elementor-widget-container\">\n\t\t\t\t\t\t\t\t\t\t\t\t\t\t\t<img decoding=\"async\" width=\"256\" height=\"149\" src=\"https:\/\/eaera.com\/wp-content\/uploads\/2025\/02\/01.png\" class=\"attachment-full size-full wp-image-7200\" alt=\"\" title=\"\">\t\t\t\t\t\t\t\t\t\t\t\t\t\t\t<\/div>\n\t\t\t\t<\/div>\n\t\t\t\t<div class=\"elementor-element elementor-element-866aaa6 animated-fast elementor-invisible elementor-widget elementor-widget-image\" data-id=\"866aaa6\" data-element_type=\"widget\" data-settings=\"{&quot;_animation&quot;:&quot;fadeInUp&quot;,&quot;_animation_delay&quot;:300}\" data-widget_type=\"image.default\">\n\t\t\t\t<div class=\"elementor-widget-container\">\n\t\t\t\t\t\t\t\t\t\t\t\t\t\t\t<img decoding=\"async\" width=\"203\" height=\"155\" src=\"https:\/\/eaera.com\/wp-content\/uploads\/2025\/02\/02.png\" class=\"attachment-full size-full wp-image-7199\" alt=\"\" title=\"\">\t\t\t\t\t\t\t\t\t\t\t\t\t\t\t<\/div>\n\t\t\t\t<\/div>\n\t\t\t\t<div class=\"elementor-element elementor-element-519d130 animated-fast elementor-invisible elementor-widget elementor-widget-image\" data-id=\"519d130\" data-element_type=\"widget\" data-settings=\"{&quot;_animation&quot;:&quot;fadeInUp&quot;,&quot;_animation_delay&quot;:400}\" data-widget_type=\"image.default\">\n\t\t\t\t<div class=\"elementor-widget-container\">\n\t\t\t\t\t\t\t\t\t\t\t\t\t\t\t<img loading=\"lazy\" decoding=\"async\" width=\"203\" height=\"155\" src=\"https:\/\/eaera.com\/wp-content\/uploads\/2025\/02\/03.png\" class=\"attachment-full size-full wp-image-7201\" alt=\"\" title=\"\">\t\t\t\t\t\t\t\t\t\t\t\t\t\t\t<\/div>\n\t\t\t\t<\/div>\n\t\t\t\t<\/div>\n\t\t<div class=\"elementor-element elementor-element-ec87ad2 e-con-full e-flex e-con e-child\" data-id=\"ec87ad2\" data-element_type=\"container\">\n\t\t\t\t<div class=\"elementor-element elementor-element-d0519e0 animated-fast elementor-invisible elementor-widget elementor-widget-image\" data-id=\"d0519e0\" data-element_type=\"widget\" data-settings=\"{&quot;_animation&quot;:&quot;fadeInUp&quot;,&quot;_animation_delay&quot;:500}\" data-widget_type=\"image.default\">\n\t\t\t\t<div class=\"elementor-widget-container\">\n\t\t\t\t\t\t\t\t\t\t\t\t\t\t\t<img loading=\"lazy\" decoding=\"async\" width=\"777\" height=\"351\" src=\"https:\/\/eaera.com\/wp-content\/uploads\/2025\/02\/Frame-1000005763.png\" class=\"attachment-full size-full wp-image-7206\" alt=\"\" srcset=\"https:\/\/eaera.com\/wp-content\/uploads\/2025\/02\/Frame-1000005763.png 777w, https:\/\/eaera.com\/wp-content\/uploads\/2025\/02\/Frame-1000005763-300x136.png 300w, https:\/\/eaera.com\/wp-content\/uploads\/2025\/02\/Frame-1000005763-768x347.png 768w\" sizes=\"(max-width: 777px) 100vw, 777px\" title=\"\">\t\t\t\t\t\t\t\t\t\t\t\t\t\t\t<\/div>\n\t\t\t\t<\/div>\n\t\t\t\t<\/div>\n\t\t\t\t<\/div>\n\t\t<div class=\"elementor-element elementor-element-c281774 e-con-full elementor-hidden-desktop elementor-hidden-tablet e-flex e-con e-child\" data-id=\"c281774\" data-element_type=\"container\" data-settings=\"{&quot;background_background&quot;:&quot;classic&quot;}\">\n\t\t<div class=\"elementor-element elementor-element-00d3985 e-con-full elementor-hidden-desktop elementor-hidden-tablet e-flex e-con e-child\" data-id=\"00d3985\" data-element_type=\"container\" data-settings=\"{&quot;background_background&quot;:&quot;gradient&quot;,&quot;sticky&quot;:&quot;bottom&quot;,&quot;sticky_on&quot;:[&quot;mobile&quot;],&quot;sticky_offset_mobile&quot;:1,&quot;sticky_offset&quot;:0,&quot;sticky_effects_offset&quot;:0,&quot;sticky_anchor_link_offset&quot;:0}\">\n\t\t\t\t<div class=\"elementor-element elementor-element-b63792e mobile-head-title elementor-widget elementor-widget-heading\" data-id=\"b63792e\" data-element_type=\"widget\" data-settings=\"{&quot;_animation_mobile&quot;:&quot;fadeInUp&quot;}\" data-widget_type=\"heading.default\">\n\t\t\t\t<div class=\"elementor-widget-container\">\n\t\t\t\t\t<h1 class=\"elementor-heading-title elementor-size-default\"><span style=\"color: var(--e-global-color-accent)\">Gesti\u00f3n inteligente de carteras<\/span><br> Simplificado<\/h1>\t\t\t\t<\/div>\n\t\t\t\t<\/div>\n\t\t\t\t<div class=\"elementor-element elementor-element-ff56fa9 elementor-widget elementor-widget-text-editor\" data-id=\"ff56fa9\" data-element_type=\"widget\" data-settings=\"{&quot;_animation_mobile&quot;:&quot;fadeInUp&quot;}\" data-widget_type=\"text-editor.default\">\n\t\t\t\t<div class=\"elementor-widget-container\">\n\t\t\t\t\t\t\t\t\tOptimice la gesti\u00f3n de la cartera con la soluci\u00f3n PAMM\/MAM de EAERA, que ofrece modelos de asignaci\u00f3n flexibles, ejecuci\u00f3n de operaciones en tiempo real, control de riesgos para los inversores, informes avanzados y una integraci\u00f3n perfecta con MT4, MT5 y cTrader.\t\t\t\t\t\t\t\t<\/div>\n\t\t\t\t<\/div>\n\t\t\t\t<\/div>\n\t\t\t\t<\/div>\n\t\t\t\t\t<\/div>\n\t\t\t\t<\/div>\n\t\t\t\t<\/div>\n\t\t","protected":false},"excerpt":{"rendered":"","protected":false},"author":1,"featured_media":0,"parent":0,"menu_order":0,"comment_status":"closed","ping_status":"closed","template":"","meta":{"_acf_changed":false,"inline_featured_image":false,"footnotes":""},"class_list":["post-13900","page","type-page","status-publish","hentry"],"acf":[],"_links":{"self":[{"href":"https:\/\/eaera.com\/es\/wp-json\/wp\/v2\/pages\/13900","targetHints":{"allow":["GET"]}}],"collection":[{"href":"https:\/\/eaera.com\/es\/wp-json\/wp\/v2\/pages"}],"about":[{"href":"https:\/\/eaera.com\/es\/wp-json\/wp\/v2\/types\/page"}],"author":[{"embeddable":true,"href":"https:\/\/eaera.com\/es\/wp-json\/wp\/v2\/users\/1"}],"replies":[{"embeddable":true,"href":"https:\/\/eaera.com\/es\/wp-json\/wp\/v2\/comments?post=13900"}],"version-history":[{"count":0,"href":"https:\/\/eaera.com\/es\/wp-json\/wp\/v2\/pages\/13900\/revisions"}],"wp:attachment":[{"href":"https:\/\/eaera.com\/es\/wp-json\/wp\/v2\/media?parent=13900"}],"curies":[{"name":"wp","href":"https:\/\/api.w.org\/{rel}","templated":true}]}}