{"id":13920,"date":"2025-01-14T12:10:36","date_gmt":"2025-01-14T05:10:36","guid":{"rendered":"https:\/\/eaera.pody.me\/social-trading\/"},"modified":"2025-04-13T23:00:30","modified_gmt":"2025-04-13T16:00:30","slug":"social-trading","status":"publish","type":"page","link":"https:\/\/eaera.com\/es\/social-trading\/","title":{"rendered":"Social Trading\u200b\u200b"},"content":{"rendered":"\t\t<div data-elementor-type=\"wp-page\" data-elementor-id=\"13920\" class=\"elementor elementor-13920 elementor-1890\" data-elementor-post-type=\"page\">\n\t\t\t\t<div class=\"elementor-element elementor-element-0ee1cdb head-banner e-flex e-con-boxed e-con e-parent\" data-id=\"0ee1cdb\" data-element_type=\"container\" data-settings=\"{&quot;background_background&quot;:&quot;classic&quot;}\">\n\t\t\t\t\t<div class=\"e-con-inner\">\n\t\t<div class=\"elementor-element elementor-element-3069b6f e-con-full elementor-hidden-mobile e-flex e-con e-child\" data-id=\"3069b6f\" data-element_type=\"container\">\n\t\t\t\t<div class=\"elementor-element elementor-element-caf8e1e animated-fast elementor-invisible elementor-widget elementor-widget-heading\" data-id=\"caf8e1e\" data-element_type=\"widget\" data-settings=\"{&quot;_animation&quot;:&quot;fadeInUp&quot;,&quot;_animation_delay&quot;:100}\" data-widget_type=\"heading.default\">\n\t\t\t\t<div class=\"elementor-widget-container\">\n\t\t\t\t\t<h1 class=\"elementor-heading-title elementor-size-default\"><span style=\"color: var(--e-global-color-accent)\">EAERA Social Trading: <\/span><br>Potencie las inversiones m\u00e1s inteligentes<\/h1>\t\t\t\t<\/div>\n\t\t\t\t<\/div>\n\t\t\t\t<div class=\"elementor-element elementor-element-33d3a79 elementor-invisible elementor-widget elementor-widget-heading\" data-id=\"33d3a79\" data-element_type=\"widget\" data-settings=\"{&quot;_animation&quot;:&quot;fadeInUp&quot;,&quot;_animation_delay&quot;:200}\" data-widget_type=\"heading.default\">\n\t\t\t\t<div class=\"elementor-widget-container\">\n\t\t\t\t\t<p class=\"elementor-heading-title elementor-size-default\">Mejore las estrategias de trading con la soluci\u00f3n de trading social de EAERA, que ofrece replicaci\u00f3n de operaciones en tiempo real, an\u00e1lisis avanzados del rendimiento, herramientas de gesti\u00f3n de riesgos y funciones de suscripci\u00f3n automatizadas.<\/p>\t\t\t\t<\/div>\n\t\t\t\t<\/div>\n\t\t\t\t<\/div>\n\t\t\t\t<div class=\"elementor-element elementor-element-9d51fec elementor-widget__width-initial elementor-absolute animated-slow elementor-invisible elementor-widget elementor-widget-image\" data-id=\"9d51fec\" data-element_type=\"widget\" data-settings=\"{&quot;_position&quot;:&quot;absolute&quot;,&quot;_animation&quot;:&quot;fadeInUp&quot;,&quot;_animation_delay&quot;:350}\" data-widget_type=\"image.default\">\n\t\t\t\t<div class=\"elementor-widget-container\">\n\t\t\t\t\t\t\t\t\t\t\t\t\t\t\t<img fetchpriority=\"high\" decoding=\"async\" width=\"628\" height=\"631\" src=\"https:\/\/eaera.com\/wp-content\/uploads\/2025\/02\/Blur-2.svg\" class=\"attachment-full size-full wp-image-4875\" alt=\"\" title=\"\">\t\t\t\t\t\t\t\t\t\t\t\t\t\t\t<\/div>\n\t\t\t\t<\/div>\n\t\t\t\t<div class=\"elementor-element elementor-element-320e373 elementor-widget__width-initial elementor-absolute animated-slow elementor-invisible elementor-widget elementor-widget-image\" data-id=\"320e373\" data-element_type=\"widget\" data-settings=\"{&quot;_position&quot;:&quot;absolute&quot;,&quot;_animation&quot;:&quot;fadeInUp&quot;,&quot;_animation_delay&quot;:350}\" data-widget_type=\"image.default\">\n\t\t\t\t<div class=\"elementor-widget-container\">\n\t\t\t\t\t\t\t\t\t\t\t\t\t\t\t<img fetchpriority=\"high\" decoding=\"async\" width=\"628\" height=\"631\" src=\"https:\/\/eaera.com\/wp-content\/uploads\/2025\/02\/Blur-2.svg\" class=\"attachment-full size-full wp-image-4875\" alt=\"\" title=\"\">\t\t\t\t\t\t\t\t\t\t\t\t\t\t\t<\/div>\n\t\t\t\t<\/div>\n\t\t<div class=\"elementor-element elementor-element-36d4b13 e-con-full e-flex e-con e-child\" data-id=\"36d4b13\" data-element_type=\"container\" data-settings=\"{&quot;position&quot;:&quot;absolute&quot;}\">\n\t\t\t\t<div class=\"elementor-element elementor-element-34b6ebf elementor-absolute elementor-widget__width-inherit animated-fast elementor-invisible elementor-widget elementor-widget-image\" data-id=\"34b6ebf\" data-element_type=\"widget\" data-settings=\"{&quot;_position&quot;:&quot;absolute&quot;,&quot;motion_fx_motion_fx_scrolling&quot;:&quot;yes&quot;,&quot;motion_fx_translateY_effect&quot;:&quot;yes&quot;,&quot;motion_fx_translateY_direction&quot;:&quot;negative&quot;,&quot;motion_fx_translateY_speed&quot;:{&quot;unit&quot;:&quot;px&quot;,&quot;size&quot;:1.2,&quot;sizes&quot;:[]},&quot;_animation&quot;:&quot;fadeInUp&quot;,&quot;motion_fx_translateY_affectedRange&quot;:{&quot;unit&quot;:&quot;%&quot;,&quot;size&quot;:&quot;&quot;,&quot;sizes&quot;:{&quot;start&quot;:0,&quot;end&quot;:100}},&quot;motion_fx_devices&quot;:[&quot;desktop&quot;,&quot;tablet&quot;,&quot;mobile&quot;]}\" data-widget_type=\"image.default\">\n\t\t\t\t<div class=\"elementor-widget-container\">\n\t\t\t\t\t\t\t\t\t\t\t\t\t\t\t<img decoding=\"async\" width=\"814\" height=\"430\" src=\"https:\/\/eaera.com\/wp-content\/uploads\/2025\/02\/Map.svg\" class=\"attachment-full size-full wp-image-7714\" alt=\"\" title=\"\">\t\t\t\t\t\t\t\t\t\t\t\t\t\t\t<\/div>\n\t\t\t\t<\/div>\n\t\t<div class=\"elementor-element elementor-element-5fbcacc e-con-full e-flex e-con e-child\" data-id=\"5fbcacc\" data-element_type=\"container\" data-settings=\"{&quot;motion_fx_motion_fx_scrolling&quot;:&quot;yes&quot;,&quot;motion_fx_translateY_effect&quot;:&quot;yes&quot;,&quot;motion_fx_translateY_direction&quot;:&quot;negative&quot;,&quot;motion_fx_translateY_speed&quot;:{&quot;unit&quot;:&quot;px&quot;,&quot;size&quot;:1.8,&quot;sizes&quot;:[]},&quot;motion_fx_translateY_affectedRange&quot;:{&quot;unit&quot;:&quot;%&quot;,&quot;size&quot;:&quot;&quot;,&quot;sizes&quot;:{&quot;start&quot;:0,&quot;end&quot;:100}},&quot;motion_fx_devices&quot;:[&quot;desktop&quot;,&quot;tablet&quot;,&quot;mobile&quot;]}\">\n\t\t\t\t<div class=\"elementor-element elementor-element-9157574 elementor-widget-tablet__width-initial elementor-widget elementor-widget-image\" data-id=\"9157574\" data-element_type=\"widget\" data-widget_type=\"image.default\">\n\t\t\t\t<div class=\"elementor-widget-container\">\n\t\t\t\t\t\t\t\t\t\t\t\t\t\t\t<img decoding=\"async\" width=\"2357\" height=\"1796\" src=\"https:\/\/eaera.com\/wp-content\/uploads\/2025\/02\/Group-1000005790.png\" class=\"attachment-full size-full wp-image-7831\" alt=\"\" srcset=\"https:\/\/eaera.com\/wp-content\/uploads\/2025\/02\/Group-1000005790.png 2357w, https:\/\/eaera.com\/wp-content\/uploads\/2025\/02\/Group-1000005790-300x229.png 300w, https:\/\/eaera.com\/wp-content\/uploads\/2025\/02\/Group-1000005790-1024x780.png 1024w, https:\/\/eaera.com\/wp-content\/uploads\/2025\/02\/Group-1000005790-768x585.png 768w, https:\/\/eaera.com\/wp-content\/uploads\/2025\/02\/Group-1000005790-1536x1170.png 1536w, https:\/\/eaera.com\/wp-content\/uploads\/2025\/02\/Group-1000005790-2048x1561.png 2048w\" sizes=\"(max-width: 2357px) 100vw, 2357px\" title=\"\">\t\t\t\t\t\t\t\t\t\t\t\t\t\t\t<\/div>\n\t\t\t\t<\/div>\n\t\t\t\t<\/div>\n\t\t\t\t<\/div>\n\t\t<div class=\"elementor-element elementor-element-31306db e-con-full elementor-hidden-desktop elementor-hidden-tablet e-flex e-con e-child\" data-id=\"31306db\" data-element_type=\"container\" data-settings=\"{&quot;background_background&quot;:&quot;classic&quot;}\">\n\t\t<div class=\"elementor-element elementor-element-961d582 e-con-full elementor-hidden-desktop elementor-hidden-tablet e-flex e-con e-child\" data-id=\"961d582\" data-element_type=\"container\" data-settings=\"{&quot;background_background&quot;:&quot;gradient&quot;,&quot;sticky&quot;:&quot;bottom&quot;,&quot;sticky_on&quot;:[&quot;mobile&quot;],&quot;sticky_offset_mobile&quot;:1,&quot;sticky_offset&quot;:0,&quot;sticky_effects_offset&quot;:0,&quot;sticky_anchor_link_offset&quot;:0}\">\n\t\t\t\t<div class=\"elementor-element elementor-element-f943c6b mobile-head-title elementor-widget elementor-widget-heading\" data-id=\"f943c6b\" data-element_type=\"widget\" data-settings=\"{&quot;_animation_mobile&quot;:&quot;fadeInUp&quot;}\" data-widget_type=\"heading.default\">\n\t\t\t\t<div class=\"elementor-widget-container\">\n\t\t\t\t\t<h1 class=\"elementor-heading-title elementor-size-default\"><span style=\"color: var(--e-global-color-accent)\">EAERA Social Trading: <\/span><br>Potencie las inversiones m\u00e1s inteligentes<\/h1>\t\t\t\t<\/div>\n\t\t\t\t<\/div>\n\t\t\t\t<div class=\"elementor-element elementor-element-803c65d elementor-widget elementor-widget-text-editor\" data-id=\"803c65d\" data-element_type=\"widget\" data-settings=\"{&quot;_animation_mobile&quot;:&quot;fadeInUp&quot;}\" data-widget_type=\"text-editor.default\">\n\t\t\t\t<div class=\"elementor-widget-container\">\n\t\t\t\t\t\t\t\t\tMejore las estrategias de trading con la soluci\u00f3n de trading social de EAERA, que ofrece replicaci\u00f3n de operaciones en tiempo real, an\u00e1lisis avanzados del rendimiento, herramientas de gesti\u00f3n de riesgos y funciones de suscripci\u00f3n automatizadas.\t\t\t\t\t\t\t\t<\/div>\n\t\t\t\t<\/div>\n\t\t\t\t<\/div>\n\t\t\t\t<\/div>\n\t\t\t\t\t<\/div>\n\t\t\t\t<\/div>\n\t\t\t\t<\/div>\n\t\t","protected":false},"excerpt":{"rendered":"","protected":false},"author":1,"featured_media":0,"parent":0,"menu_order":0,"comment_status":"closed","ping_status":"closed","template":"","meta":{"_acf_changed":false,"inline_featured_image":false,"footnotes":""},"class_list":["post-13920","page","type-page","status-publish","hentry"],"acf":[],"_links":{"self":[{"href":"https:\/\/eaera.com\/es\/wp-json\/wp\/v2\/pages\/13920","targetHints":{"allow":["GET"]}}],"collection":[{"href":"https:\/\/eaera.com\/es\/wp-json\/wp\/v2\/pages"}],"about":[{"href":"https:\/\/eaera.com\/es\/wp-json\/wp\/v2\/types\/page"}],"author":[{"embeddable":true,"href":"https:\/\/eaera.com\/es\/wp-json\/wp\/v2\/users\/1"}],"replies":[{"embeddable":true,"href":"https:\/\/eaera.com\/es\/wp-json\/wp\/v2\/comments?post=13920"}],"version-history":[{"count":0,"href":"https:\/\/eaera.com\/es\/wp-json\/wp\/v2\/pages\/13920\/revisions"}],"wp:attachment":[{"href":"https:\/\/eaera.com\/es\/wp-json\/wp\/v2\/media?parent=13920"}],"curies":[{"name":"wp","href":"https:\/\/api.w.org\/{rel}","templated":true}]}}