{"id":16658,"date":"2025-01-12T18:00:58","date_gmt":"2025-01-12T11:00:58","guid":{"rendered":"https:\/\/eaera.com\/politica-de-privacidad\/"},"modified":"2025-01-12T18:00:58","modified_gmt":"2025-01-12T11:00:58","slug":"politica-de-privacidad","status":"publish","type":"page","link":"https:\/\/eaera.com\/es\/politica-de-privacidad\/","title":{"rendered":"Pol\u00edtica de privacidad"},"content":{"rendered":"<p><strong>Pol\u00edtica de privacidad<\/strong><\/p>\n<p>Nuestra Pol\u00edtica de Privacidad a continuaci\u00f3n describe en detalle c\u00f3mo EAERA maneja la recopilaci\u00f3n, gesti\u00f3n y protecci\u00f3n de toda la informaci\u00f3n confidencial del usuario.<\/p>\n<p><strong>Introducci\u00f3n<\/strong><\/p>\n<p>Su privacidad es muy importante para nosotros. Nos comprometemos a proteger y respetar sus datos personales. Esta Pol\u00edtica de privacidad describe qu\u00e9 tipos de datos personales recopilamos sobre usted cuando elige utilizar nuestros servicios, c\u00f3mo utilizaremos sus datos personales, cu\u00e1ndo y con qui\u00e9n los compartimos y c\u00f3mo los mantendremos seguros. Tambi\u00e9n detalla sus derechos con respecto a nuestro procesamiento de su informaci\u00f3n personal y c\u00f3mo puede ejercerlos. T\u00f3mese el tiempo para leer y comprender esta pol\u00edtica.    <\/p>\n<p>Es posible que realicemos cambios en este Aviso de vez en cuando y es importante que consulte este Aviso para ver si hay actualizaciones. Cualquier informaci\u00f3n personal que tengamos se regir\u00e1 por el aviso de privacidad vigente en ese momento. Si realizamos cambios que consideremos importantes, se los comunicaremos.  <\/p>\n<p>Tenga en cuenta que este aviso est\u00e1 dirigido a clientes y clientes potenciales. Si usted es un empleado de EAERA, un contratista de EAERA o un proveedor de servicios externo, su informaci\u00f3n personal se utilizar\u00e1 en relaci\u00f3n con su contrato de trabajo, su relaci\u00f3n contractual o de acuerdo con nuestras pol\u00edticas separadas que est\u00e1n disponibles poni\u00e9ndose en contacto con nosotros. <\/p>\n<p>Cualquier referencia a &#8220;nosotros&#8221;, &#8220;nuestro&#8221;, &#8220;nosotros&#8221; o &#8220;EAERA&#8221; en este aviso de privacidad es una referencia a cada una de las empresas del grupo dentro del Grupo EAERA, seg\u00fan lo requiera el contexto, a menos que se indique lo contrario.<\/p>\n<p>Del mismo modo, cualquier referencia a &#8220;usted&#8221;, &#8220;su&#8221;, &#8220;suyo&#8221; o &#8220;usted mismo&#8221; en este aviso de privacidad es una referencia a cualquiera de nuestros clientes y clientes potenciales, seg\u00fan lo requiera el contexto, a menos que se indique lo contrario.<\/p>\n<p>Al acceder a nuestros sitios web, incluido el uso de cualquiera de los canales de comunicaci\u00f3n para contactarnos, consideramos que ha le\u00eddo y entendido los t\u00e9rminos de este aviso y c\u00f3mo procesamos cualquier informaci\u00f3n que nos revele, incluidos los datos personales, antes de convertirse en cliente. Una vez que abra una cuenta con nosotros, acepta que este aviso, incluidas las modificaciones, regir\u00e1 la forma en que recopilamos, almacenamos, usamos, compartimos y, de cualquier otra forma, procesamos sus datos personales y sus derechos durante nuestra relaci\u00f3n comercial y despu\u00e9s de su terminaci\u00f3n. <\/p>\n<p><strong>\u00bfQui\u00e9nes somos?<\/strong><\/p>\n<p>El presente aviso de privacidad se aplica a las actividades de tratamiento de las siguientes entidades responsables del tratamiento dentro del grupo de empresas EAERA, que son:<\/p>\n<p>EAERA Montenegro d.o.o registrada en Montenegro y cuyo domicilio social es Ankarski bulevar 12, 3er piso, Podgorica, Montenegro.<\/p>\n<p><strong>\u00bfQu\u00e9 tipo de informaci\u00f3n personal recopilamos y almacenamos?<\/strong><\/p>\n<p>Como parte de nuestro negocio, recopilamos datos personales de clientes y clientes potenciales que incluyen lo siguiente:<\/p>\n<ul>\n<li>Nombre, apellidos y datos de contacto<\/li>\n<li>Fecha de nacimiento y sexo<\/li>\n<li>Otra informaci\u00f3n, obtenida durante nuestros procedimientos de KYC, como informaci\u00f3n sobre su estado financiero y fuente de fondos.<\/li>\n<li>Detalles de la profesi\u00f3n y el empleo<\/li>\n<li>Datos de ubicaci\u00f3n<\/li>\n<li>Conocimiento y experiencia en trading, tolerancia al riesgo y perfil de riesgo<\/li>\n<li>Direcci\u00f3n IP, especificaciones del dispositivo y otra informaci\u00f3n relacionada con su experiencia de trading<\/li>\n<li>Cuenta bancaria, monederos electr\u00f3nicos y datos de la tarjeta de cr\u00e9dito<\/li>\n<li>Detalles de sus visitas a nuestro sitio web o nuestras aplicaciones, incluidos, entre otros, datos de tr\u00e1fico, datos de ubicaci\u00f3n, weblogs y otros datos de comunicaci\u00f3n.<\/li>\n<\/ul>\n<p>Utilizamos cookies para almacenar y recopilar informaci\u00f3n sobre su uso de nuestro sitio web. Las cookies son peque\u00f1os archivos de texto almacenados por el navegador en el disco duro de su equipo. Env\u00edan la informaci\u00f3n almacenada en ellos a nuestro servidor web cuando accede a nuestro sitio web. Estas cookies nos permiten establecer configuraciones personales y cargar sus preferencias personales para mejorar su experiencia. Puede obtener m\u00e1s informaci\u00f3n sobre nuestras cookies en nuestra &#8220;Pol\u00edtica de cookies&#8221; disponible en nuestro sitio web.    <\/p>\n<p>Tambi\u00e9n mantenemos registros de su comportamiento comercial, incluido un registro de:<\/p>\n<ul>\n<li>Productos que comercializa con nosotros<\/li>\n<li>Datos hist\u00f3ricos sobre las operaciones e inversiones que ha realizado, incluida la cantidad invertida<\/li>\n<li>Su preferencia por ciertos tipos de productos y servicios<\/li>\n<\/ul>\n<p>La ley nos exige identificarlo si est\u00e1 abriendo una nueva cuenta o agregando un nuevo firmante a una cuenta existente. Las leyes contra el lavado de dinero nos exigen ver y registrar detalles de ciertos documentos (es decir, documentos fotogr\u00e1ficos y no fotogr\u00e1ficos) para cumplir con los est\u00e1ndares establecidos en esas leyes. La documentaci\u00f3n de identificaci\u00f3n, seg\u00fan lo requerido por la legislaci\u00f3n contra el lavado de dinero u otra legislaci\u00f3n relevante para los servicios que le brindamos, incluye:  <\/p>\n<ul>\n<li>pasaporte;<\/li>\n<li>licencia de conducir;<\/li>\n<li>Documento Nacional de Identidad (si corresponde);<\/li>\n<li>Facturas;<\/li>\n<li>escritura de fideicomiso (si corresponde);<\/li>\n<li>una verificaci\u00f3n de cr\u00e9dito de la persona; o<\/li>\n<li>otra informaci\u00f3n que consideremos necesaria para nuestras funciones y actividades.<\/li>\n<\/ul>\n<p>Si usted es un cliente corporativo, estamos obligados a recopilar informaci\u00f3n adicional, como documentos corporativos de direcci\u00f3n, accionistas, directores, funcionarios, incluida informaci\u00f3n personal adicional sobre los accionistas y directores. Tenemos derecho a solicitar cualquier informaci\u00f3n adicional que consideremos necesaria para cumplir con nuestros requisitos legales y reglamentarios. <\/p>\n<p>Obtenemos esta informaci\u00f3n de varias maneras a trav\u00e9s de su uso de nuestros servicios y sitios web, las aplicaciones de apertura de cuentas, nuestros formularios de registro de demostraci\u00f3n, formularios de registro de seminarios web, cookies de sitios web y tecnolog\u00eda de seguimiento similar integrada en nuestros sitios web y aplicaciones, suscribi\u00e9ndose a actualizaciones de noticias y a partir de la informaci\u00f3n proporcionada en el curso de nuestra relaci\u00f3n en curso.<\/p>\n<p>Tambi\u00e9n podemos recopilar esta informaci\u00f3n sobre usted de terceros, ya sea a trav\u00e9s de listas de marketing de terceros compradas, fuentes disponibles p\u00fablicamente, plataformas de redes sociales, corredores introductorios y afiliados, banqueros y procesadores de tarjetas de cr\u00e9dito, bases de datos de inteligencia basadas en suscripciones y otros asociados de terceros.<\/p>\n<p>Es posible que solicitemos otra informaci\u00f3n personal de forma voluntaria de vez en cuando (por ejemplo, a trav\u00e9s de estudios de mercado, encuestas u ofertas especiales). Si decide no proporcionar la informaci\u00f3n, necesitamos cumplir con su solicitud de un producto o servicio espec\u00edfico, es posible que no podamos proporcionarle el producto o servicio solicitado. <\/p>\n<p>Podemos grabar cualquier comunicaci\u00f3n, electr\u00f3nica, telef\u00f3nica, en persona o de otro modo, que tengamos con usted en relaci\u00f3n con los servicios que le proporcionamos y nuestra relaci\u00f3n con usted. Estas grabaciones ser\u00e1n de nuestra exclusiva propiedad y constituir\u00e1n evidencia de las comunicaciones entre nosotros. Dichas conversaciones telef\u00f3nicas pueden ser grabadas sin el uso de un tono de advertencia o cualquier otro aviso.  <\/p>\n<p>Adem\u00e1s, si visita cualquiera de nuestras oficinas o instalaciones, es posible que tengamos un circuito cerrado de televisi\u00f3n que grabar\u00e1 su imagen.<\/p>\n<p><strong>\u00bfA qui\u00e9n podemos divulgar informaci\u00f3n personal?<\/strong><\/p>\n<p>Como parte del uso de su informaci\u00f3n personal para los fines establecidos anteriormente, podemos divulgar su informaci\u00f3n a:<\/p>\n<ul>\n<li>otras empresas del grupo EAERA;<\/li>\n<li>proveedores de aplicaciones de terceros cuando utiliza nuestras aplicaciones, sistemas de comunicaci\u00f3n y plataformas comerciales que nos proporcionan terceros;<\/li>\n<li>proveedores de servicios y asesores especializados que han sido contratados para proporcionarnos servicios como servicios administrativos, de TI, de an\u00e1lisis y de optimizaci\u00f3n de marketing en l\u00ednea, financieros, regulatorios, de cumplimiento, de seguros, de investigaci\u00f3n u otros;<\/li>\n<li>Introducci\u00f3n de corredores y afiliados con los que tenemos una relaci\u00f3n mutua;<\/li>\n<li>Proveedores de servicios de pago y bancos que procesan sus transacciones;<\/li>\n<li>auditores o contratistas u otros asesores que auditen, asistan o asesoren sobre cualquiera de nuestros fines comerciales;<\/li>\n<li>Juzgados, Tribunales y Autoridades Reguladoras Aplicables, seg\u00fan lo acordado o autorizado por la ley o nuestro acuerdo con usted<\/li>\n<li>organismos gubernamentales y agencias de aplicaci\u00f3n de la ley cuando as\u00ed lo exija la ley y en respuesta a otras solicitudes legales y reglamentarias;<\/li>\n<li>cualquier tercero cuando dicha divulgaci\u00f3n sea necesaria para hacer cumplir o aplicar nuestros T\u00e9rminos y Condiciones de Servicio u otros acuerdos relevantes;<\/li>\n<li>cualquier persona autorizada por usted.<\/li>\n<\/ul>\n<p>Nos esforzamos por divulgar a estos terceros solo los datos personales m\u00ednimos que se requieren para cumplir con sus obligaciones contractuales con nosotros. Nuestros proveedores de servicios externos no est\u00e1n autorizados a compartir o utilizar los datos personales que ponemos a su disposici\u00f3n para ning\u00fan otro prop\u00f3sito que no sea el de prestarnos servicios. <\/p>\n<p>Nuestros sitios web o nuestras aplicaciones pueden tener enlaces a sitios web externos de terceros. Sin embargo, tenga en cuenta que los sitios web de terceros no est\u00e1n cubiertos por este aviso de privacidad y esos sitios no est\u00e1n sujetos a nuestros est\u00e1ndares y procedimientos de privacidad. Consulte con cada tercero sobre sus pr\u00e1cticas y procedimientos de privacidad.  <\/p>\n<p><strong>\u00bfCu\u00e1ndo y c\u00f3mo obtenemos su consentimiento?<\/strong><\/p>\n<p>Podemos procesar sus datos personales para una o m\u00e1s bases legales de procesamiento (&#8220;Base legal&#8221;) dependiendo del prop\u00f3sito espec\u00edfico para el que estemos utilizando sus datos.<\/p>\n<p>Las bases legales son las siguientes:<\/p>\n<ul>\n<li>para cumplir con nuestras obligaciones contractuales hacia usted<\/li>\n<li>para cumplir con los requisitos legales y reglamentarios<\/li>\n<li>para perseguir nuestros intereses leg\u00edtimos<\/li>\n<\/ul>\n<p>En caso de que el uso que hagamos de su informaci\u00f3n personal no se enmarque en una de estas tres bases legales, requerimos su consentimiento. Dicho consentimiento deber\u00e1 ser otorgado libremente por usted y tiene derecho a retirar su consentimiento en cualquier momento poni\u00e9ndose en contacto con nosotros utilizando los datos de contacto establecidos en este aviso de privacidad o cancelando la suscripci\u00f3n a las listas de correo electr\u00f3nico. <\/p>\n<p><strong>Gesti\u00f3n de la informaci\u00f3n personal<\/strong><\/p>\n<p>Nos comprometemos a salvaguardar y proteger los datos personales e implementaremos y mantendremos las medidas t\u00e9cnicas y organizativas adecuadas para garantizar un nivel de seguridad adecuado para proteger cualquier dato personal que nos proporcione de la destrucci\u00f3n, p\u00e9rdida, alteraci\u00f3n, divulgaci\u00f3n no autorizada o acceso accidental o ilegal a los datos personales transmitidos, almacenados o procesados de otro modo.<\/p>\n<p>Hemos designado a un Delegado de Protecci\u00f3n de Datos para garantizar que nuestra gesti\u00f3n de la informaci\u00f3n personal se realice de conformidad con este aviso de privacidad y la legislaci\u00f3n aplicable.<\/p>\n<p>Exigimos a las organizaciones ajenas al Grupo EAERA que manejen u obtengan informaci\u00f3n personal que reconozcan la confidencialidad de esta informaci\u00f3n, se comprometan a respetar el derecho a la privacidad de cualquier persona y cumplan con todas las leyes de protecci\u00f3n de datos pertinentes y con este aviso de privacidad.<\/p>\n<p>En resumen, las medidas de protecci\u00f3n de datos que tenemos implementadas son las siguientes:<\/p>\n<ol>\n<li>\n<ul>\n<li>Capacitamos a nuestros empleados que manejan informaci\u00f3n personal para que respeten la confidencialidad de la informaci\u00f3n del cliente y la privacidad de las personas<\/li>\n<li>exigir a nuestros empleados que utilicen contrase\u00f1as y autenticaci\u00f3n de dos factores al acceder a nuestros sistemas;<\/li>\n<li>aplicamos murallas chinas y los empleados solo tienen acceso a los datos personales necesarios para los fines de las tareas que realizan.<\/li>\n<li>Aplicamos tecnolog\u00edas de encriptaci\u00f3n de datos durante la transmisi\u00f3n de datos durante las transacciones por Internet y c\u00f3digos de acceso de clientes transmitidos a trav\u00e9s de redes<\/li>\n<li>emplear firewalls, sistemas de detecci\u00f3n de intrusos y herramientas de escaneo de virus para protegerse contra personas no autorizadas y virus que ingresan a nuestros sistemas;<\/li>\n<li>el uso de redes seguras dedicadas o encriptaci\u00f3n cuando transmitimos datos electr\u00f3nicos con fines de subcontrataci\u00f3n;<\/li>\n<li>Practicar una pol\u00edtica de escritorio limpio en todos los locales ocupados por nosotros y nuestros organismos corporativos relacionados y proporcionar almacenamiento seguro para los registros f\u00edsicos; y<\/li>\n<li>emplear medios f\u00edsicos y electr\u00f3nicos como tarjetas de acceso, c\u00e1maras y protectores para protegerse contra el acceso no autorizado.<\/li>\n<\/ul>\n<\/li>\n<\/ol>\n<p><strong>\u00bfC\u00f3mo almacenamos la informaci\u00f3n personal y durante cu\u00e1nto tiempo?<\/strong><\/p>\n<p>Almacenamos la informaci\u00f3n personal en una combinaci\u00f3n de instalaciones seguras de almacenamiento inform\u00e1tico y archivos en papel y otros registros, y tomamos medidas para proteger la informaci\u00f3n personal que tenemos contra el uso indebido, la p\u00e9rdida, el acceso no autorizado, la modificaci\u00f3n o la divulgaci\u00f3n.<\/p>\n<p>Cuando consideremos que la informaci\u00f3n personal ya no es necesaria, eliminaremos cualquier dato que lo identifique o destruiremos los registros de forma segura.<\/p>\n<p>Sin embargo, es posible que necesitemos mantener registros durante un per\u00edodo de tiempo significativo. Por ejemplo, estamos sujetos a las leyes de servicios de inversi\u00f3n y contra el lavado de dinero que nos exigen conservar copias y pruebas de las acciones tomadas por nosotros con respecto a su verificaci\u00f3n de identidad, fuentes de ingresos y riqueza, monitoreo de sus transacciones, comunicaciones telef\u00f3nicas, de chat y correo electr\u00f3nico, historial de pedidos y operaciones, manejo de sus quejas y registros que pueden demostrar que hemos actuado de acuerdo con el c\u00f3digo de conducta regulatorio a lo largo de la relaci\u00f3n comercial. Estos registros deben conservarse durante un per\u00edodo de cinco a\u00f1os despu\u00e9s de que nuestra relaci\u00f3n comercial con usted haya finalizado o incluso m\u00e1s tiempo si nuestros reguladores nos lo solicitan.  <\/p>\n<p>Cuando haya optado por no recibir comunicaciones de marketing, mantendremos sus datos en nuestra lista de supresi\u00f3n para que sepamos que no desea recibir estas comunicaciones.<\/p>\n<p>Los datos que recopilamos de usted pueden transferirse y almacenarse en un destino fuera del Espacio Econ\u00f3mico Europeo (&#8220;EEE&#8221;). Tambi\u00e9n puede ser procesada por personal que opera fuera del EEE y que trabaja para nosotros o para uno de nuestros proveedores o empresas afiliadas. Tomaremos todas las medidas razonablemente necesarias para garantizar que sus datos se traten de forma segura y de acuerdo con esta Pol\u00edtica de privacidad.  <\/p>\n<p>Cuando transferimos sus datos a otros terceros fuera del EEE, en algunos casos podemos basarnos en cl\u00e1usulas contractuales est\u00e1ndar aplicables, normas corporativas vinculantes, el Escudo de privacidad UE-EE. UU. o cualquier otro acuerdo aplicable equivalente<\/p>\n<p>Si desea una copia de dichos acuerdos, p\u00f3ngase en contacto con nosotros utilizando los datos de contacto que se indican a continuaci\u00f3n.<\/p>\n<p><strong>Sus derechos<\/strong><\/p>\n<p>Tenga en cuenta que estos derechos no se aplican en todas las circunstancias. Usted tiene derecho a: <\/p>\n<ul>\n<li>solicitar acceso a sus datos personales (com\u00fanmente conocido como &#8220;solicitud de acceso del interesado&#8221;);<\/li>\n<li>solicitar la correcci\u00f3n de los datos personales que tenemos sobre usted;<\/li>\n<li>Solicitar la eliminaci\u00f3n de sus datos personales. Tenga en cuenta, sin embargo, que es posible que no siempre podamos cumplir con su solicitud de eliminaci\u00f3n por razones legales espec\u00edficas que se le notificar\u00e1n, si corresponde, en el momento de su solicitud; <\/li>\n<li>oponerse al tratamiento de sus datos personales cuando nos basemos en un inter\u00e9s leg\u00edtimo (o en el de un tercero) y haya algo en su situaci\u00f3n particular que le haga querer oponerse al tratamiento por este motivo, ya que considera que afecta a sus derechos y libertades fundamentales. Tambi\u00e9n tiene derecho a oponerse cuando estemos procesando sus datos personales con fines de marketing directo. En algunos casos, podemos demostrar que tenemos motivos leg\u00edtimos convincentes para procesar su informaci\u00f3n que anulan sus derechos y libertades;  <\/li>\n<li>Solicitar la limitaci\u00f3n del tratamiento de sus datos personales. Esto le permite solicitarnos que suspendamos el procesamiento de sus datos personales en los siguientes escenarios:\n<ul>\n<li>si desea que establezcamos la exactitud de los datos;<\/li>\n<li>cuando nuestro uso de los datos sea ilegal, pero no desee que los borremos;<\/li>\n<li>cuando necesite que conservemos los datos, incluso si ya no los necesitamos, ya que los necesita para establecer, ejercer o defender reclamaciones legales; o<\/li>\n<li>se ha opuesto a nuestro uso de sus datos, pero necesitamos verificar si tenemos motivos leg\u00edtimos imperiosos para usarlos;<\/li>\n<\/ul>\n<\/li>\n<li>Solicitar la transferencia de sus datos personales a usted o a un tercero. Le proporcionaremos a usted, o a un tercero que haya elegido, sus datos personales en un formato estructurado, de uso com\u00fan y legible por m\u00e1quina. Tenga en cuenta que este derecho solo se aplica a la informaci\u00f3n automatizada (es decir, no a las copias impresas) para la que inicialmente nos dio su consentimiento para usar o cuando usamos la informaci\u00f3n para ejecutar un contrato con usted; y  <\/li>\n<li>retirar el consentimiento en cualquier momento en el que nos basemos en el consentimiento para procesar sus datos personales.<\/li>\n<\/ul>\n<p>Complete la solicitud de datos personales por correo electr\u00f3nico utilizando la direcci\u00f3n de correo electr\u00f3nico registrada que nos indic\u00f3, a la siguiente direcci\u00f3n de correo electr\u00f3nico: hi@eaera.com.<\/p>\n<p>Intentamos responder a todas las solicitudes en un plazo de 1 (un) mes. En ocasiones, puede llevarnos m\u00e1s de 1 (un) mes si su solicitud es particularmente compleja o si ha realizado varias solicitudes. En este caso, se lo notificaremos en el plazo de 1 (un) mes a partir de la recepci\u00f3n de su solicitud y le mantendremos informado.  <\/p>\n<p>Podemos cobrarle una tarifa razonable cuando una solicitud sea manifiestamente infundada, excesiva o repetitiva, o cuando recibamos una solicitud para proporcionar m\u00e1s copias de los mismos datos. En este caso, le enviaremos una solicitud de tarifa que deber\u00e1 aceptar antes de que procesemos su solicitud. Alternativamente, podemos negarnos a cumplir con su solicitud en estas circunstancias.  <\/p>\n<p><strong>\u00bfQu\u00e9 pasa si tiene una consulta o una queja?<\/strong><\/p>\n<p>Si desea ejercer sus derechos, p\u00f3ngase en contacto con nosotros por correo electr\u00f3nico en hi@eaera.com utilizando la direcci\u00f3n de correo electr\u00f3nico registrada que nos ha facilitado.<\/p>\n<p>Intentamos responder a todas las solicitudes en un plazo de 1 (un) mes. En ocasiones, puede llevarnos m\u00e1s de 1 (un) mes si su solicitud es particularmente compleja o si ha realizado varias solicitudes. En este caso, se lo notificaremos en el plazo de 1 (un) mes a partir de la recepci\u00f3n de su solicitud y le mantendremos informado.  <\/p>\n<p>Alternativamente, tambi\u00e9n tiene derecho a presentar una queja ante la autoridad de protecci\u00f3n de datos de su pa\u00eds de residencia.<\/p>\n","protected":false},"excerpt":{"rendered":"<p>Pol\u00edtica de privacidad Nuestra Pol\u00edtica de Privacidad a continuaci\u00f3n describe en detalle c\u00f3mo EAERA maneja la recopilaci\u00f3n, gesti\u00f3n y protecci\u00f3n de toda la informaci\u00f3n confidencial del usuario. Introducci\u00f3n Su privacidad es muy importante para nosotros. Nos comprometemos a proteger y respetar sus datos personales. Esta Pol\u00edtica de privacidad describe qu\u00e9 tipos de datos personales recopilamos [&hellip;]<\/p>\n","protected":false},"author":1,"featured_media":0,"parent":0,"menu_order":0,"comment_status":"closed","ping_status":"closed","template":"","meta":{"_acf_changed":false,"inline_featured_image":false,"footnotes":""},"class_list":["post-16658","page","type-page","status-publish","hentry"],"acf":[],"_links":{"self":[{"href":"https:\/\/eaera.com\/es\/wp-json\/wp\/v2\/pages\/16658","targetHints":{"allow":["GET"]}}],"collection":[{"href":"https:\/\/eaera.com\/es\/wp-json\/wp\/v2\/pages"}],"about":[{"href":"https:\/\/eaera.com\/es\/wp-json\/wp\/v2\/types\/page"}],"author":[{"embeddable":true,"href":"https:\/\/eaera.com\/es\/wp-json\/wp\/v2\/users\/1"}],"replies":[{"embeddable":true,"href":"https:\/\/eaera.com\/es\/wp-json\/wp\/v2\/comments?post=16658"}],"version-history":[{"count":0,"href":"https:\/\/eaera.com\/es\/wp-json\/wp\/v2\/pages\/16658\/revisions"}],"wp:attachment":[{"href":"https:\/\/eaera.com\/es\/wp-json\/wp\/v2\/media?parent=16658"}],"curies":[{"name":"wp","href":"https:\/\/api.w.org\/{rel}","templated":true}]}}