{"id":16708,"date":"2025-01-12T18:01:09","date_gmt":"2025-01-12T11:01:09","guid":{"rendered":"https:\/\/eaera.com\/politica-de-cookies\/"},"modified":"2025-01-12T18:01:09","modified_gmt":"2025-01-12T11:01:09","slug":"politica-de-cookies","status":"publish","type":"page","link":"https:\/\/eaera.com\/es\/politica-de-cookies\/","title":{"rendered":"Pol\u00edtica de cookies"},"content":{"rendered":"<p><strong>General<\/strong><br \/>\nEsta pol\u00edtica de cookies rige el uso de cookies en el sitio web www.eaera.com (en adelante, el &#8220;Sitio web&#8221;). Al visitar nuestro sitio web y cualquier subdominio de este sitio web, acepta y consiente las pr\u00e1cticas descritas en esta pol\u00edtica de cookies. <\/p>\n<p><strong>\u00bfQu\u00e9 son las cookies?<\/strong><br \/>\nLas cookies son peque\u00f1os archivos de datos que se descargan en el ordenador, tel\u00e9fono o tableta de un usuario cuando visita un sitio web. La mayor\u00eda de los navegadores web aceptan autom\u00e1ticamente las cookies. Ayudan a los operadores de sitios web, por ejemplo, a reconocer a un usuario que ha visitado un sitio web anteriormente y a analizar el comportamiento para mejorar la experiencia del usuario. A continuaci\u00f3n se detallan m\u00e1s detalles sobre las cookies utilizadas en nuestro sitio web y sus finalidades.   <\/p>\n<p><strong>\u00bfQu\u00e9 cookies se utilizar\u00e1n y con qu\u00e9 finalidad?<\/strong><br \/>\n<em>Cookies de<\/em><br \/>\n rendimientoCon el fin de mejorar la experiencia del usuario en nuestro sitio web, evaluar el rendimiento de nuestro contenido y corregir problemas t\u00e9cnicos o errores en p\u00e1ginas o formularios web, utilizamos herramientas de rendimiento y an\u00e1lisis, incluso de terceros, como Google Analytics. Estas cookies recopilan informaci\u00f3n como el n\u00famero de visitas de los usuarios o los visitantes que regresan a un sitio web. Sin embargo, estas cookies no se pueden utilizar para identificar a un usuario y solo se utilizan para generar datos agregados.  <\/p>\n<p>Cookies<br \/>\n <em>de segmentaci\u00f3n o marketing<\/em>Como parte de nuestras iniciativas de marketing, estas cookies recopilan informaci\u00f3n sobre sus h\u00e1bitos de navegaci\u00f3n (por ejemplo, de qu\u00e9 fuente proviene una visita en particular) e intereses inferidos para que la publicidad sea m\u00e1s relevante para usted. Tambi\u00e9n se utilizan para limitar el n\u00famero de veces que se ve un anuncio, as\u00ed como para medir la eficacia y el rendimiento de una campa\u00f1a publicitaria. Algunas de estas cookies son colocadas por nuestras redes publicitarias de terceros. Recuerdan los otros sitios web que visita y esta informaci\u00f3n se comparte con organizaciones de terceros, por ejemplo, anunciantes.   <\/p>\n<p><em>Cookies de<\/em><br \/>\n funcionalidadEstas cookies permiten a nuestro sitio web recordar las elecciones que realiza y sus preferencias personales, como los datos de inicio de sesi\u00f3n, con el fin de mejorar la experiencia del usuario, por ejemplo, evitando que tenga que volver a introducir estos datos en cada visita a nuestro sitio web.<\/p>\n<p><strong>\u00bfCu\u00e1nto tiempo permanecer\u00e1n las cookies?<\/strong><br \/>\nLa cookie de sesi\u00f3n \u00fanica es una cookie temporal que permanece en el archivo de cookies de su navegador hasta que cierra el navegador. Las dem\u00e1s cookies permanecer\u00e1n en el archivo de cookies de su navegador despu\u00e9s del cierre del navegador y volver\u00e1n a estar activas cuando vuelva a abrir el sitio web. Estas cookies tienen diferentes fechas de caducidad. Despu\u00e9s de la caducidad de una cookie, se descargar\u00e1 una nueva versi\u00f3n de esa cookie la pr\u00f3xima vez que visite el sitio web, a menos que haya retirado su consentimiento mientras tanto.   <\/p>\n<p><strong>Cookies de<\/strong><br \/>\n tercerosAlgunas cookies son proporcionadas en nuestro nombre por proveedores de servicios externos de confianza para ayudar con la experiencia del usuario, informar sobre el comportamiento del usuario, realizar estudios de mercado, proporcionar anuncios de acuerdo con los intereses del usuario y mejorar la funcionalidad del sitio web, por ejemplo. Este comportamiento del usuario se analiza con el fin de proporcionar una mejor experiencia de usuario. <\/p>\n<p><strong>\u00bfC\u00f3mo desactivo las cookies?<\/strong><br \/>\nNo tiene que aceptar las cookies, pero si opta por desactivar o eliminar las cookies generadas a trav\u00e9s de nuestro sitio web, es posible que no funcione como ha sido dise\u00f1ado, lo que posiblemente reduzca la funcionalidad de nuestro sitio web, las opciones disponibles para usted, as\u00ed como el rendimiento de nuestro sitio web durante su visita. Todos los navegadores modernos le permiten cambiar la configuraci\u00f3n de las cookies. Por lo general, estos ajustes se encuentran en el men\u00fa de &#8220;opciones&#8221; o &#8220;preferencias&#8221; de su navegador.  <\/p>\n<p><strong>Enlaces<\/strong><br \/>\n de inter\u00e9sSi desea obtener m\u00e1s informaci\u00f3n sobre el uso de cookies en Internet, consulte los siguientes enlaces: www.allaboutcookies.org o www.youronlinechoices.eu que proporciona informaci\u00f3n sobre cuestiones de privacidad en torno a la publicidad en Internet.<\/p>\n<p>Actualizaciones de esta pol\u00edtica de cookies Esta pol\u00edtica de cookies puede ser revisada, modificada, actualizada y\/o complementada en cualquier momento, sin previo aviso, a nuestra entera discreci\u00f3n. Cuando realicemos cambios en esta pol\u00edtica de cookies, notificaremos a todos los usuarios de nuestro sitio web y pondremos a disposici\u00f3n la pol\u00edtica de cookies modificada en nuestro sitio web. <\/p>\n<p><strong>Contacto<\/strong><br \/>\nSi tiene alguna pregunta sobre nuestra pol\u00edtica de cookies, p\u00f3ngase en contacto con nosotros en hi@eaera.com<\/p>\n","protected":false},"excerpt":{"rendered":"<p>General Esta pol\u00edtica de cookies rige el uso de cookies en el sitio web www.eaera.com (en adelante, el &#8220;Sitio web&#8221;). Al visitar nuestro sitio web y cualquier subdominio de este sitio web, acepta y consiente las pr\u00e1cticas descritas en esta pol\u00edtica de cookies. \u00bfQu\u00e9 son las cookies? Las cookies son peque\u00f1os archivos de datos que [&hellip;]<\/p>\n","protected":false},"author":1,"featured_media":0,"parent":0,"menu_order":0,"comment_status":"closed","ping_status":"closed","template":"","meta":{"_acf_changed":false,"inline_featured_image":false,"footnotes":""},"class_list":["post-16708","page","type-page","status-publish","hentry"],"acf":[],"_links":{"self":[{"href":"https:\/\/eaera.com\/es\/wp-json\/wp\/v2\/pages\/16708","targetHints":{"allow":["GET"]}}],"collection":[{"href":"https:\/\/eaera.com\/es\/wp-json\/wp\/v2\/pages"}],"about":[{"href":"https:\/\/eaera.com\/es\/wp-json\/wp\/v2\/types\/page"}],"author":[{"embeddable":true,"href":"https:\/\/eaera.com\/es\/wp-json\/wp\/v2\/users\/1"}],"replies":[{"embeddable":true,"href":"https:\/\/eaera.com\/es\/wp-json\/wp\/v2\/comments?post=16708"}],"version-history":[{"count":0,"href":"https:\/\/eaera.com\/es\/wp-json\/wp\/v2\/pages\/16708\/revisions"}],"wp:attachment":[{"href":"https:\/\/eaera.com\/es\/wp-json\/wp\/v2\/media?parent=16708"}],"curies":[{"name":"wp","href":"https:\/\/api.w.org\/{rel}","templated":true}]}}