{"id":14001,"date":"2025-02-26T22:59:34","date_gmt":"2025-02-26T15:59:34","guid":{"rendered":"https:\/\/eaera.pody.me\/pertukaran-spot-crypto\/"},"modified":"2025-03-12T10:42:19","modified_gmt":"2025-03-12T03:42:19","slug":"pertukaran-spot-crypto","status":"publish","type":"page","link":"https:\/\/eaera.com\/id\/pertukaran-spot-crypto\/","title":{"rendered":"Pertukaran Spot Crypto"},"content":{"rendered":"\t\t<div data-elementor-type=\"wp-page\" data-elementor-id=\"14001\" class=\"elementor elementor-14001 elementor-9351\" data-elementor-post-type=\"page\">\n\t\t\t\t<div class=\"elementor-element elementor-element-8394c10 e-flex e-con-boxed e-con e-child\" data-id=\"8394c10\" data-element_type=\"container\">\n\t\t\t\t\t<div class=\"e-con-inner\">\n\t\t<div class=\"elementor-element elementor-element-dc1eef6 e-con-full e-flex e-con e-child\" data-id=\"dc1eef6\" data-element_type=\"container\">\n\t\t\t\t<div class=\"elementor-element elementor-element-fb09934 elementor-absolute elementor-widget elementor-widget-image\" data-id=\"fb09934\" data-element_type=\"widget\" data-settings=\"{&quot;_position&quot;:&quot;absolute&quot;}\" data-widget_type=\"image.default\">\n\t\t\t\t<div class=\"elementor-widget-container\">\n\t\t\t\t\t\t\t\t\t\t\t\t\t\t\t<img decoding=\"async\" width=\"84\" height=\"80\" src=\"https:\/\/eaera.com\/wp-content\/uploads\/2025\/01\/Union.svg\" class=\"attachment-full size-full wp-image-1035\" alt=\"\" title=\"\">\t\t\t\t\t\t\t\t\t\t\t\t\t\t\t<\/div>\n\t\t\t\t<\/div>\n\t\t\t\t<div class=\"elementor-element elementor-element-cc5371d split-text elementor-widget elementor-widget-heading\" data-id=\"cc5371d\" data-element_type=\"widget\" data-widget_type=\"heading.default\">\n\t\t\t\t<div class=\"elementor-widget-container\">\n\t\t\t\t\t<h2 class=\"elementor-heading-title elementor-size-default\">Apa yang Kami Tawarkan<\/h2>\t\t\t\t<\/div>\n\t\t\t\t<\/div>\n\t\t\t\t<div class=\"elementor-element elementor-element-dc0e1bd elementor-widget elementor-widget-heading\" data-id=\"dc0e1bd\" data-element_type=\"widget\" data-widget_type=\"heading.default\">\n\t\t\t\t<div class=\"elementor-widget-container\">\n\t\t\t\t\t<p class=\"elementor-heading-title elementor-size-default\">Solusi siap pakai kami mencakup setiap aspek pertukaran spot kripto:<\/p>\t\t\t\t<\/div>\n\t\t\t\t<\/div>\n\t\t\t\t<\/div>\n\t\t\t\t\t<\/div>\n\t\t\t\t<\/div>\n\t\t<div class=\"elementor-element elementor-element-b3d80b6 e-flex e-con-boxed e-con e-parent\" data-id=\"b3d80b6\" data-element_type=\"container\">\n\t\t\t\t\t<div class=\"e-con-inner\">\n\t\t\t\t<div class=\"elementor-element elementor-element-a0763f9 animated-fast elementor-hidden-desktop elementor-hidden-tablet elementor-invisible elementor-widget elementor-widget-shortcode\" data-id=\"a0763f9\" data-element_type=\"widget\" data-settings=\"{&quot;sticky&quot;:&quot;top&quot;,&quot;sticky_offset&quot;:80,&quot;_animation&quot;:&quot;fadeInUp&quot;,&quot;sticky_on&quot;:[&quot;mobile&quot;],&quot;sticky_offset_mobile&quot;:67,&quot;sticky_parent&quot;:&quot;yes&quot;,&quot;sticky_effects_offset&quot;:0,&quot;sticky_anchor_link_offset&quot;:0}\" data-widget_type=\"shortcode.default\">\n\t\t\t\t<div class=\"elementor-widget-container\">\n\t\t\t\t\t\t\t<div class=\"elementor-shortcode\"><div class=\"features-list mobile\"><div class=\"arrow-list\"><\/div><select id=\"features-dropdown\" class=\"mobile-dropdown\"><option class=\"f-list\" value=\"#tab1\">Platform Pertukaran<\/option><option class=\"f-list\" value=\"#tab2\">Solusi Likuiditas<\/option><option class=\"f-list\" value=\"#tab3\">Fitur Keamanan<\/option><option class=\"f-list\" value=\"#tab4\">Manajemen Dompet<\/option><option class=\"f-list\" value=\"#TAB5\">Integrasi Gateway Pembayaran<\/option><option class=\"f-list\" value=\"#tab6\">Panel Admin dan Back Office<\/option><option class=\"f-list\" value=\"#tab7\">Alat Pemasaran dan Afiliasi<\/option><option class=\"f-list\" value=\"#tab8\">Dukungan Kepatuhan dan Lisensi<\/option><option class=\"f-list\" value=\"#tab9\">Skalabilitas dan Performa<\/option><option class=\"f-list\" value=\"#tab10\">Dukungan dan Pemeliharaan Berkelanjutan<\/option><\/select> <\/div><\/div>\n\t\t\t\t\t\t<\/div>\n\t\t\t\t<\/div>\n\t\t<div class=\"elementor-element elementor-element-4a6a68b e-con-full e-flex e-con e-child\" data-id=\"4a6a68b\" data-element_type=\"container\">\n\t\t\t\t<div class=\"elementor-element elementor-element-f8826e2 animated-fast elementor-hidden-mobile elementor-invisible elementor-widget elementor-widget-shortcode\" data-id=\"f8826e2\" data-element_type=\"widget\" data-settings=\"{&quot;sticky&quot;:&quot;top&quot;,&quot;sticky_offset&quot;:120,&quot;sticky_parent&quot;:&quot;yes&quot;,&quot;_animation&quot;:&quot;fadeInUp&quot;,&quot;sticky_on&quot;:[&quot;desktop&quot;,&quot;tablet&quot;],&quot;sticky_effects_offset&quot;:0,&quot;sticky_anchor_link_offset&quot;:0}\" data-widget_type=\"shortcode.default\">\n\t\t\t\t<div class=\"elementor-widget-container\">\n\t\t\t\t\t\t\t<div class=\"elementor-shortcode\"><div class=\"features-list\"> <ul><li class=\"f-list\" data-target=\"tab1\">Platform Pertukaran<\/li><li class=\"f-list\" data-target=\"tab2\">Solusi Likuiditas<\/li><li class=\"f-list\" data-target=\"tab3\">Fitur Keamanan<\/li><li class=\"f-list\" data-target=\"tab4\">Manajemen Dompet<\/li><li class=\"f-list\" data-target=\"TAB5\">Integrasi Gateway Pembayaran<\/li><li class=\"f-list\" data-target=\"tab6\">Panel Admin dan Back Office<\/li><li class=\"f-list\" data-target=\"tab7\">Alat Pemasaran dan Afiliasi<\/li><li class=\"f-list\" data-target=\"tab8\">Dukungan Kepatuhan dan Lisensi<\/li><li class=\"f-list\" data-target=\"tab9\">Skalabilitas dan Performa<\/li><li class=\"f-list\" data-target=\"tab10\">Dukungan dan Pemeliharaan Berkelanjutan<\/li><\/ul> <\/div><\/div>\n\t\t\t\t\t\t<\/div>\n\t\t\t\t<\/div>\n\t\t\t\t<\/div>\n\t\t<div class=\"elementor-element elementor-element-f827bc9 e-con-full e-flex e-con e-child\" data-id=\"f827bc9\" data-element_type=\"container\">\n\t\t\t\t<div class=\"elementor-element elementor-element-80a0fd0 animated-fast elementor-invisible elementor-widget elementor-widget-shortcode\" data-id=\"80a0fd0\" data-element_type=\"widget\" data-settings=\"{&quot;_animation&quot;:&quot;fadeInUp&quot;}\" data-widget_type=\"shortcode.default\">\n\t\t\t\t<div class=\"elementor-widget-container\">\n\t\t\t\t\t\t\t<div class=\"elementor-shortcode\"><div class=\"feature-content\" id=\"tab1\"><div class=\"feature-content-item\"><img decoding=\"async\" class=\"feature-image\" src=\"https:\/\/eaera.com\/wp-content\/uploads\/2025\/02\/Property-1Exchange-Platform.png\" alt=\"Platform Pertukaran\" title=\"\"><img decoding=\"async\" class=\"background-image\" src=\"https:\/\/eaera.com\/wp-content\/uploads\/2025\/02\/Property-1Exchange-Platform.png\" alt=\"\" title=\"\"><h5 class=\"feature_name\">Platform Pertukaran<\/h5><div class=\"feature-description\"><p data-start=\"98\" data-end=\"273\">Menyediakan platform intuitif bermerek khusus dengan fitur perdagangan canggih, dukungan multi-mata uang, dan transaksi fiat-ke-kripto yang mulus.<\/p>\n<p data-start=\"275\" data-end=\"434\"><strong>Antarmuka Pengguna Bermerek Khusus:<\/strong><br data-start=\"305\" data-end=\"308\">\u2022 Desain intuitif dan responsif untuk platform web dan seluler.<br data-start=\"376\" data-end=\"379\">\u2022 Tema yang dapat disesuaikan untuk mencerminkan identitas merek Anda.<\/p>\n<p data-start=\"436\" data-end=\"633\"><strong>Fitur Perdagangan Tingkat Lanjut:<\/strong><br data-start=\"462\" data-end=\"465\">\u2022 Buku pesanan waktu nyata dengan pesanan pasar, batas, dan stop-limit.<br data-start=\"530\" data-end=\"533\">\u2022 Alat grafik dengan beberapa indikator dan kerangka waktu.<br data-start=\"590\" data-end=\"593\">\u2022 Dukungan API untuk perdagangan algoritmik.<\/p>\n<p data-start=\"635\" data-end=\"809\"><strong>Dukungan Multi-Mata Uang:<\/strong><br data-start=\"658\" data-end=\"661\">\u2022 Pasangan perdagangan untuk mata uang kripto populer seperti BTC, ETH, USDT, dan banyak lagi.<br data-start=\"736\" data-end=\"739\">\u2022 Integrasi on-ramp fiat untuk transaksi fiat-ke-crypto yang mulus.<\/p>\n<\/div><\/div><\/div><div class=\"feature-content\" id=\"tab2\"><div class=\"feature-content-item\"><img decoding=\"async\" class=\"feature-image\" src=\"https:\/\/eaera.com\/wp-content\/uploads\/2025\/02\/Property-1Liquidity.png\" alt=\"Solusi Likuiditas\" title=\"\"><img decoding=\"async\" class=\"background-image\" src=\"https:\/\/eaera.com\/wp-content\/uploads\/2025\/02\/Property-1Liquidity.png\" alt=\"\" title=\"\"><h5 class=\"feature_name\">Solusi Likuiditas<\/h5><div class=\"feature-description\"><p data-start=\"811\" data-end=\"980\">Akses kumpulan likuiditas global dengan agregasi buku pesanan dan alat pembuatan pasar untuk memastikan spread yang ketat dan kecepatan eksekusi yang tinggi.<\/p>\n<p data-start=\"982\" data-end=\"1098\"><strong>Agregasi Buku Pesanan:<\/strong><br data-start=\"1005\" data-end=\"1008\">\u2022 Akses kumpulan likuiditas global untuk memastikan spread ketat dan kecepatan eksekusi perdagangan yang tinggi.<\/p>\n<p data-start=\"1100\" data-end=\"1193\"><strong>Alat Pembuatan Pasar:<\/strong><br data-start=\"1120\" data-end=\"1123\">\u2022 Bot otomatis untuk menjaga likuiditas dan menstabilkan buku pesanan.<\/p>\n<\/div><\/div><\/div><div class=\"feature-content\" id=\"tab3\"><div class=\"feature-content-item\"><img decoding=\"async\" class=\"feature-image\" src=\"https:\/\/eaera.com\/wp-content\/uploads\/2025\/02\/Property-1Security.png\" alt=\"Fitur Keamanan\" title=\"\"><img decoding=\"async\" class=\"background-image\" src=\"https:\/\/eaera.com\/wp-content\/uploads\/2025\/02\/Property-1Security.png\" alt=\"\" title=\"\"><h5 class=\"feature_name\">Fitur Keamanan<\/h5><div class=\"feature-description\"><p data-start=\"1195\" data-end=\"1361\">Terapkan keamanan berlapis-lapis dengan 2FA, penyimpanan dompet dingin, kepatuhan KYC\/AML, dan alat pencegahan penipuan untuk meningkatkan keamanan.<\/p>\n<p data-start=\"1363\" data-end=\"1536\"><strong>Keamanan Berlapis-lapis:<\/strong><br data-start=\"1386\" data-end=\"1389\">\u2022 2FA, enkripsi SSL, dan perlindungan DDoS untuk meningkatkan keamanan pengguna.<br data-start=\"1457\" data-end=\"1460\">\u2022 Penyimpanan dompet dingin untuk sebagian besar dana untuk meminimalkan risiko peretasan.<\/p>\n<p data-start=\"1538\" data-end=\"1699\"><strong>Kepatuhan KYC\/AML:<\/strong><br data-start=\"1557\" data-end=\"1560\">\u2022 Alat bawaan untuk verifikasi identitas dan pemantauan transaksi.<br data-start=\"1630\" data-end=\"1633\">\u2022 Integrasi aman dengan penyedia layanan KYC\/AML pihak ketiga.<\/p>\n<p data-start=\"1701\" data-end=\"1796\"><strong>Pencegahan Penipuan:<\/strong><br data-start=\"1718\" data-end=\"1721\">\u2022 Pemantauan aktivitas mencurigakan secara real-time dengan peringatan yang dapat disesuaikan.<\/p>\n<\/div><\/div><\/div><div class=\"feature-content\" id=\"tab4\"><div class=\"feature-content-item\"><img decoding=\"async\" class=\"feature-image\" src=\"https:\/\/eaera.com\/wp-content\/uploads\/2025\/02\/Property-1Money-Bag.png\" alt=\"Manajemen Dompet\" title=\"\"><img decoding=\"async\" class=\"background-image\" src=\"https:\/\/eaera.com\/wp-content\/uploads\/2025\/02\/Property-1Money-Bag.png\" alt=\"\" title=\"\"><h5 class=\"feature_name\">Manajemen Dompet<\/h5><div class=\"feature-description\"><p data-start=\"1798\" data-end=\"1959\">Menawarkan dompet panas dan dingin terintegrasi, dukungan multi-tanda tangan, dan kompatibilitas dengan ERC-20, BEP-20, dan blockchain khusus.<\/p>\n<p data-start=\"1961\" data-end=\"2116\"><strong>Dompet Terintegrasi:<\/strong><br data-start=\"1980\" data-end=\"1983\">\u2022 Dompet panas dan dingin untuk setoran, penarikan, dan penyimpanan yang mulus.<br data-start=\"2054\" data-end=\"2057\">\u2022 Dukungan untuk dompet multi-tanda tangan untuk keamanan tambahan.<\/p>\n<p data-start=\"2118\" data-end=\"2240\"><strong>Dukungan Mata Uang Kripto:<\/strong><br data-start=\"2141\" data-end=\"2144\">\u2022 Integrasi koin dan token baru yang mudah.<br data-start=\"2187\" data-end=\"2190\">\u2022 ERC-20, BEP-20, dan dukungan blockchain khusus.<\/p>\n<\/div><\/div><\/div><div class=\"feature-content\" id=\"TAB5\"><div class=\"feature-content-item\"><img decoding=\"async\" class=\"feature-image\" src=\"https:\/\/eaera.com\/wp-content\/uploads\/2025\/02\/Property-1Gateway.png\" alt=\"Integrasi Gateway Pembayaran\" title=\"\"><img decoding=\"async\" class=\"background-image\" src=\"https:\/\/eaera.com\/wp-content\/uploads\/2025\/02\/Property-1Gateway.png\" alt=\"\" title=\"\"><h5 class=\"feature_name\">Integrasi Gateway Pembayaran<\/h5><div class=\"feature-description\"><p data-start=\"2242\" data-end=\"2427\">Aktifkan jalur on\/off fiat melalui bank dan pemroses pembayaran, dan dukung setoran dan penarikan kripto instan dengan konfirmasi waktu nyata.<\/p>\n<p data-start=\"2429\" data-end=\"2604\"><strong>Fiat On\/Off-Ramp:<\/strong><br data-start=\"2446\" data-end=\"2449\">\u2022 Integrasi tanpa batas dengan bank dan pemroses pembayaran untuk setoran dan penarikan.<br data-start=\"2535\" data-end=\"2538\">\u2022 Dukungan untuk kartu kredit\/debit, transfer bank, dan dompet elektronik.<\/p>\n<p data-start=\"2606\" data-end=\"2714\"><strong>Solusi Pembayaran Crypto:<\/strong><br data-start=\"2631\" data-end=\"2634\">\u2022 Aktifkan setoran dan penarikan kripto instan dengan konfirmasi waktu nyata.<\/p>\n<\/div><\/div><\/div><div class=\"feature-content\" id=\"tab6\"><div class=\"feature-content-item\"><img decoding=\"async\" class=\"feature-image\" src=\"https:\/\/eaera.com\/wp-content\/uploads\/2025\/02\/Property-1Admin.png\" alt=\"Panel Admin dan Back Office\" title=\"\"><img decoding=\"async\" class=\"background-image\" src=\"https:\/\/eaera.com\/wp-content\/uploads\/2025\/02\/Property-1Admin.png\" alt=\"\" title=\"\"><h5 class=\"feature_name\">Panel Admin dan Back Office<\/h5><div class=\"feature-description\"><p data-start=\"2716\" data-end=\"2889\">Gunakan dasbor yang komprehensif untuk mengelola akun pengguna, memantau aktivitas perdagangan, dan mengotomatiskan laporan pendapatan dan profitabilitas.<\/p>\n<p data-start=\"2891\" data-end=\"3066\"><strong>Dasbor Komprehensif:<\/strong><br data-start=\"2915\" data-end=\"2918\">\u2022 Wawasan waktu nyata tentang aktivitas perdagangan, akun pengguna, dan pendapatan.<br data-start=\"2989\" data-end=\"2992\">\u2022 Alat untuk mengelola akun pengguna, persetujuan KYC, dan pemantauan perdagangan.<\/p>\n<p data-start=\"3068\" data-end=\"3222\"><strong>Manajemen Pendapatan:<\/strong><br data-start=\"3087\" data-end=\"3090\">\u2022 Perhitungan biaya otomatis untuk perdagangan, setoran, dan penarikan.<br data-start=\"3157\" data-end=\"3160\">\u2022 Laporan tentang profitabilitas bursa dan metrik operasional.<\/p>\n<\/div><\/div><\/div><div class=\"feature-content\" id=\"tab7\"><div class=\"feature-content-item\"><img decoding=\"async\" class=\"feature-image\" src=\"https:\/\/eaera.com\/wp-content\/uploads\/2025\/02\/Property-1MKT-Affiliate.png\" alt=\"Alat Pemasaran dan Afiliasi\" title=\"\"><img decoding=\"async\" class=\"background-image\" src=\"https:\/\/eaera.com\/wp-content\/uploads\/2025\/02\/Property-1MKT-Affiliate.png\" alt=\"\" title=\"\"><h5 class=\"feature_name\">Alat Pemasaran dan Afiliasi<\/h5><div class=\"feature-description\"><p data-start=\"3224\" data-end=\"3400\">Tingkatkan akuisisi pengguna dengan sistem afiliasi, kampanye promosi, dan kompetisi perdagangan untuk mendorong keterlibatan dan retensi.<\/p>\n<p data-start=\"3402\" data-end=\"3543\"><strong>Sistem Afiliasi:<\/strong><br data-start=\"3419\" data-end=\"3422\">\u2022 Lacak rujukan dan otomatiskan pembayaran komisi.<br data-start=\"3472\" data-end=\"3475\">\u2022 Struktur afiliasi bertingkat untuk akuisisi pengguna yang diperluas.<\/p>\n<p data-start=\"3545\" data-end=\"3706\"><strong>Kampanye Promosi:<\/strong><br data-start=\"3567\" data-end=\"3570\">\u2022 Integrasikan hadiah, diskon, atau insentif staking untuk keterlibatan pengguna.<br data-start=\"3644\" data-end=\"3647\">\u2022 Jalankan kompetisi perdagangan untuk meningkatkan volume dan retensi.<\/p>\n<\/div><\/div><\/div><div class=\"feature-content\" id=\"tab8\"><div class=\"feature-content-item\"><img decoding=\"async\" class=\"feature-image\" src=\"https:\/\/eaera.com\/wp-content\/uploads\/2025\/02\/Property-1Licensing.png\" alt=\"Dukungan Kepatuhan dan Lisensi\" title=\"\"><img decoding=\"async\" class=\"background-image\" src=\"https:\/\/eaera.com\/wp-content\/uploads\/2025\/02\/Property-1Licensing.png\" alt=\"\" title=\"\"><h5 class=\"feature_name\">Dukungan Kepatuhan dan Lisensi<\/h5><div class=\"feature-description\"><p data-start=\"3708\" data-end=\"3890\">Dapatkan panduan tentang lisensi peraturan, dengan alat kepatuhan bawaan untuk GDPR, FATF, dan persyaratan pelaporan khusus wilayah.<\/p>\n<p data-start=\"3892\" data-end=\"4106\">\u2022 Panduan untuk mendapatkan lisensi peraturan di yurisdiksi yang ramah kripto.<br data-start=\"3969\" data-end=\"3972\">\u2022 Alat kepatuhan bawaan untuk GDPR, FATF, dan kerangka peraturan lainnya.<br data-start=\"4048\" data-end=\"4051\">\u2022 Dukungan untuk persyaratan pelaporan khusus wilayah.<\/p>\n<\/div><\/div><\/div><div class=\"feature-content\" id=\"tab9\"><div class=\"feature-content-item\"><img decoding=\"async\" class=\"feature-image\" src=\"https:\/\/eaera.com\/wp-content\/uploads\/2025\/02\/Property-1Scaleup.png\" alt=\"Skalabilitas dan Performa\" title=\"\"><img decoding=\"async\" class=\"background-image\" src=\"https:\/\/eaera.com\/wp-content\/uploads\/2025\/02\/Property-1Scaleup.png\" alt=\"\" title=\"\"><h5 class=\"feature_name\">Skalabilitas dan Performa<\/h5><div class=\"feature-description\"><p data-start=\"4108\" data-end=\"4290\">Pastikan performa tinggi dengan arsitektur modular dan mesin pencocokan berkecepatan tinggi untuk memproses ribuan transaksi dengan latensi rendah.<\/p>\n<p data-start=\"4292\" data-end=\"4394\"><strong>Mesin Pencocokan Berkecepatan Tinggi:<\/strong><br data-start=\"4319\" data-end=\"4322\">\u2022 Proses ribuan transaksi per detik dengan latensi sangat rendah.<\/p>\n<p data-start=\"4396\" data-end=\"4490\"><strong>Arsitektur Modular:<\/strong><br data-start=\"4417\" data-end=\"4420\">\u2022 Sistem yang dapat diskalakan untuk menangani basis pengguna dan volume perdagangan yang terus bertambah.<\/p>\n<\/div><\/div><\/div><div class=\"feature-content\" id=\"tab10\"><div class=\"feature-content-item\"><img decoding=\"async\" class=\"feature-image\" src=\"https:\/\/eaera.com\/wp-content\/uploads\/2025\/02\/Property-1Support.png\" alt=\"Dukungan dan Pemeliharaan Berkelanjutan\" title=\"\"><img decoding=\"async\" class=\"background-image\" src=\"https:\/\/eaera.com\/wp-content\/uploads\/2025\/02\/Property-1Support.png\" alt=\"\" title=\"\"><h5 class=\"feature_name\">Dukungan dan Pemeliharaan Berkelanjutan<\/h5><div class=\"feature-description\"><p data-start=\"4492\" data-end=\"4660\">Akses dukungan teknis 24\/7 dan pembaruan rutin untuk menjaga keamanan, kinerja, dan fitur platform terbaru.<\/p>\n<p data-start=\"4662\" data-end=\"4745\"><strong>Dukungan Teknis 24\/7:<\/strong><br data-start=\"4685\" data-end=\"4688\">\u2022 Bantuan segera untuk masalah atau peningkatan platform.<\/p>\n<p data-start=\"4747\" data-end=\"4851\"><strong>Pembaruan Reguler:<\/strong><br data-start=\"4763\" data-end=\"4766\">\u2022 Pastikan pertukaran Anda tetap terdepan dengan fitur dan protokol keamanan terbaru.<\/p>\n<\/div><\/div><\/div> <\/div>\n\t\t\t\t\t\t<\/div>\n\t\t\t\t<\/div>\n\t\t\t\t<\/div>\n\t\t\t\t<div class=\"elementor-element elementor-element-d95b534 elementor-absolute e-transform elementor-hidden-tablet elementor-hidden-mobile elementor-widget elementor-widget-image\" data-id=\"d95b534\" data-element_type=\"widget\" data-settings=\"{&quot;_position&quot;:&quot;absolute&quot;,&quot;_transform_flipX_effect&quot;:&quot;transform&quot;}\" data-widget_type=\"image.default\">\n\t\t\t\t<div class=\"elementor-widget-container\">\n\t\t\t\t\t\t\t\t\t\t\t\t\t\t\t<img decoding=\"async\" width=\"84\" height=\"80\" src=\"https:\/\/eaera.com\/wp-content\/uploads\/2025\/01\/Union.svg\" class=\"attachment-full size-full wp-image-1035\" alt=\"\" title=\"\">\t\t\t\t\t\t\t\t\t\t\t\t\t\t\t<\/div>\n\t\t\t\t<\/div>\n\t\t\t\t\t<\/div>\n\t\t\t\t<\/div>\n\t\t<div class=\"elementor-element elementor-element-ec9f475 e-flex e-con-boxed e-con e-parent\" data-id=\"ec9f475\" data-element_type=\"container\">\n\t\t\t\t\t<div class=\"e-con-inner\">\n\t\t\t\t<div class=\"elementor-element elementor-element-5af3705 elementor-widget elementor-widget-wpcode-snippet\" data-id=\"5af3705\" data-element_type=\"widget\" data-widget_type=\"wpcode-snippet.default\">\n\t\t\t\t<div class=\"elementor-widget-container\">\n\t\t\t\t\t<script>document.addEventListener(\"DOMContentLoaded\", function () {\r\n    const featureItems = document.querySelectorAll(\".features-list .f-list\"); \/\/ Danh s\u00e1ch t\u1ea5t c\u1ea3 <li>\r\n    const featureContents = document.querySelectorAll(\".feature-content\"); \/\/ Danh s\u00e1ch t\u1ea5t c\u1ea3 div c\u1ea7n cu\u1ed9n \u0111\u1ebfn\r\n    const offset = 120; \/\/ Kho\u1ea3ng c\u00e1ch t\u1eeb top\r\n    const mobileDropdown = document.querySelector(\"#features-dropdown\"); \/\/ Dropdown tr\u00ean mobile\r\n\r\n    \/\/ X\u1eed l\u00fd s\u1ef1 ki\u1ec7n click v\u00e0o <li> (Desktop)\r\n    featureItems.forEach(item => {\r\n        item.addEventListener(\"click\", function (event) {\r\n            event.preventDefault();\r\n            const targetId = this.getAttribute(\"data-target\");\r\n            const targetElement = document.getElementById(targetId);\r\n\r\n            if (targetElement) {\r\n                const targetPosition = targetElement.getBoundingClientRect().top + window.scrollY - offset;\r\n\r\n                \/\/ Cu\u1ed9n \u0111\u1ebfn ph\u1ea7n t\u1eed v\u1edbi kho\u1ea3ng c\u00e1ch top 120px\r\n                window.scrollTo({\r\n                    top: targetPosition,\r\n                    behavior: \"smooth\"\r\n                });\r\n\r\n                \/\/ Th\u00eam class active-go v\u00e0o <li> \u0111\u01b0\u1ee3c click\r\n                featureItems.forEach(li => li.classList.remove(\"active-go\"));\r\n                this.classList.add(\"active-go\");\r\n            }\r\n        });\r\n    });\r\n\r\n    \/\/ X\u1eed l\u00fd khi cu\u1ed9n trang\r\n    window.addEventListener(\"scroll\", function () {\r\n        let scrollPosition = window.scrollY;\r\n        let foundActive = false;\r\n\r\n        featureContents.forEach(content => {\r\n            const targetId = content.getAttribute(\"id\");\r\n            const correspondingLi = document.querySelector(`.features-list .f-list[data-target=\"${targetId}\"]`);\r\n\r\n            if (correspondingLi) {\r\n                const rect = content.getBoundingClientRect();\r\n                const offsetTop = rect.top + window.scrollY - 160;\r\n\r\n                if (scrollPosition >= offsetTop && scrollPosition < offsetTop + content.offsetHeight) {\r\n                    updateActiveItem(correspondingLi);\r\n                    foundActive = true;\r\n\r\n                    \/\/ C\u1eadp nh\u1eadt dropdown n\u1ebfu tr\u00ean mobile\r\n                    if (mobileDropdown) {\r\n                        const option = mobileDropdown.querySelector(`option[value=\"#${targetId}\"]`);\r\n                        if (option) {\r\n                            mobileDropdown.value = option.value;\r\n                        }\r\n                    }\r\n                }\r\n            }\r\n        });\r\n\r\n        \/\/ N\u1ebfu kh\u00f4ng c\u00f3 div n\u00e0o active, kh\u00f4ng th\u00eam active v\u00e0o b\u1ea5t k\u1ef3 <li> n\u00e0o\r\n        if (!foundActive) {\r\n            featureItems.forEach(item => item.classList.remove(\"active\"));\r\n        }\r\n    });\r\n\r\n    \/\/ H\u00e0m c\u1eadp nh\u1eadt class active khi scroll \u0111\u1ebfn div t\u01b0\u01a1ng \u1ee9ng\r\n    function updateActiveItem(activeItem) {\r\n        featureItems.forEach(item => item.classList.remove(\"active\")); \/\/ X\u00f3a class active kh\u1ecfi t\u1ea5t c\u1ea3 <li>\r\n        activeItem.classList.add(\"active\"); \/\/ Th\u00eam active v\u00e0o ph\u1ea7n t\u1eed t\u01b0\u01a1ng \u1ee9ng khi scroll\r\n        activeItem.classList.remove(\"active-go\"); \/\/ Khi scroll \u0111\u1ebfn \u0111\u00fang v\u1ecb tr\u00ed, b\u1ecf class active-go\r\n    }\r\n\r\n    \/\/ X\u1eed l\u00fd khi ch\u1ecdn option t\u1eeb dropdown (Mobile)\r\n    if (mobileDropdown) {\r\n        mobileDropdown.addEventListener(\"change\", function () {\r\n            const targetId = this.value;\r\n            const targetElement = document.getElementById(targetId.slice(1)); \/\/ L\u1ea5y ph\u1ea7n t\u1eed theo ID (c\u1eaft d\u1ea5u #)\r\n\r\n            if (targetElement) {\r\n                const targetPosition = targetElement.getBoundingClientRect().top + window.scrollY - offset;\r\n\r\n                \/\/ Cu\u1ed9n \u0111\u1ebfn ph\u1ea7n t\u1eed v\u1edbi kho\u1ea3ng c\u00e1ch top 120px\r\n                window.scrollTo({\r\n                    top: targetPosition,\r\n                    behavior: \"smooth\"\r\n                });\r\n\r\n                \/\/ C\u1eadp nh\u1eadt l\u1ea1i tr\u1ea1ng th\u00e1i active cho c\u00e1c ph\u1ea7n t\u1eed trong danh s\u00e1ch\r\n                featureItems.forEach(li => li.classList.remove(\"active-go\"));\r\n                const activeLi = document.querySelector(`.features-list .f-list[data-target=\"${targetId.slice(1)}\"]`);\r\n                if (activeLi) {\r\n                    activeLi.classList.add(\"active-go\");\r\n                }\r\n            }\r\n        });\r\n    }\r\n});\r\n<\/script>\t\t\t\t<\/div>\n\t\t\t\t<\/div>\n\t\t\t\t\t<\/div>\n\t\t\t\t<\/div>\n\t\t\t\t<\/div>\n\t\t","protected":false},"excerpt":{"rendered":"","protected":false},"author":1,"featured_media":0,"parent":0,"menu_order":0,"comment_status":"closed","ping_status":"closed","template":"","meta":{"_acf_changed":false,"inline_featured_image":false,"footnotes":""},"class_list":["post-14001","page","type-page","status-publish","hentry"],"acf":[],"_links":{"self":[{"href":"https:\/\/eaera.com\/id\/wp-json\/wp\/v2\/pages\/14001","targetHints":{"allow":["GET"]}}],"collection":[{"href":"https:\/\/eaera.com\/id\/wp-json\/wp\/v2\/pages"}],"about":[{"href":"https:\/\/eaera.com\/id\/wp-json\/wp\/v2\/types\/page"}],"author":[{"embeddable":true,"href":"https:\/\/eaera.com\/id\/wp-json\/wp\/v2\/users\/1"}],"replies":[{"embeddable":true,"href":"https:\/\/eaera.com\/id\/wp-json\/wp\/v2\/comments?post=14001"}],"version-history":[{"count":0,"href":"https:\/\/eaera.com\/id\/wp-json\/wp\/v2\/pages\/14001\/revisions"}],"wp:attachment":[{"href":"https:\/\/eaera.com\/id\/wp-json\/wp\/v2\/media?parent=14001"}],"curies":[{"name":"wp","href":"https:\/\/api.w.org\/{rel}","templated":true}]}}